{"id":185,"date":"2026-01-29T22:34:19","date_gmt":"2026-01-29T21:34:19","guid":{"rendered":"https:\/\/alinatinnefeld.de\/?page_id=185"},"modified":"2026-02-03T19:01:16","modified_gmt":"2026-02-03T18:01:16","slug":"theater-performance","status":"publish","type":"page","link":"https:\/\/alinatinnefeld.de\/?page_id=185","title":{"rendered":"Theater &#038; Performance"},"content":{"rendered":"\n<p>ich arbeite als freischaffende Theatermacherin, Schauspielerin und Theaterp\u00e4dagogin.<\/p>\n\n\n\n<p>Das heisst, dass ich eigene Theaterideen allein oder im Team umsetzte. Regie f\u00fchre ich seit l\u00e4ngerem in dem Community Theaterprojekt &#8222;Theater UBU&#8220;. Als Schauspielerin sch\u00e4tzt mich zum Beispiel das Theaterlabor Bielefeld.<\/p>\n\n\n\n<p>Kontakt: A.Tinnefeld@gmx.de<\/p>\n","protected":false},"excerpt":{"rendered":"<p>ich arbeite als freischaffende Theatermacherin, Schauspielerin und Theaterp\u00e4dagogin. Das heisst, dass ich eigene Theaterideen allein oder im Team umsetzte. Regie f\u00fchre ich seit l\u00e4ngerem in dem Community Theaterprojekt &#8222;Theater UBU&#8220;. Als Schauspielerin sch\u00e4tzt mich zum Beispiel das Theaterlabor Bielefeld. Kontakt: A.Tinnefeld@gmx.de<\/p>\n","protected":false},"author":1,"featured_media":0,"parent":0,"menu_order":1,"comment_status":"closed","ping_status":"closed","template":"","meta":{"footnotes":""},"_links":{"self":[{"href":"https:\/\/alinatinnefeld.de\/index.php?rest_route=\/wp\/v2\/pages\/185"}],"collection":[{"href":"https:\/\/alinatinnefeld.de\/index.php?rest_route=\/wp\/v2\/pages"}],"about":[{"href":"https:\/\/alinatinnefeld.de\/index.php?rest_route=\/wp\/v2\/types\/page"}],"author":[{"embeddable":true,"href":"https:\/\/alinatinnefeld.de\/index.php?rest_route=\/wp\/v2\/users\/1"}],"replies":[{"embeddable":true,"href":"https:\/\/alinatinnefeld.de\/index.php?rest_route=%2Fwp%2Fv2%2Fcomments&post=185"}],"version-history":[{"count":3,"href":"https:\/\/alinatinnefeld.de\/index.php?rest_route=\/wp\/v2\/pages\/185\/revisions"}],"predecessor-version":[{"id":292,"href":"https:\/\/alinatinnefeld.de\/index.php?rest_route=\/wp\/v2\/pages\/185\/revisions\/292"}],"wp:attachment":[{"href":"https:\/\/alinatinnefeld.de\/index.php?rest_route=%2Fwp%2Fv2%2Fmedia&parent=185"}],"curies":[{"name":"wp","href":"https:\/\/api.w.org\/{rel}","templated":true}]}}