{"id":211,"date":"2026-01-29T23:36:44","date_gmt":"2026-01-29T22:36:44","guid":{"rendered":"https:\/\/alinatinnefeld.de\/?page_id=211"},"modified":"2026-01-29T23:38:04","modified_gmt":"2026-01-29T22:38:04","slug":"freies-feld-e-v","status":"publish","type":"page","link":"https:\/\/alinatinnefeld.de\/?page_id=211","title":{"rendered":"Freies Feld e.V."},"content":{"rendered":"\n<p>Netzwerk f\u00fcr K\u00fcnstler*innen aus dem darstellenden Bereich ohne eigene Spielst\u00e4tte<\/p>\n\n\n\n<p>Freifeld Feld Theaterfestival <\/p>\n\n\n\n<p>www.freiesfeld.org<\/p>\n\n\n\n<p>@freies.feld.bielefeld<\/p>\n","protected":false},"excerpt":{"rendered":"<p>Netzwerk f\u00fcr K\u00fcnstler*innen aus dem darstellenden Bereich ohne eigene Spielst\u00e4tte Freifeld Feld Theaterfestival www.freiesfeld.org @freies.feld.bielefeld<\/p>\n","protected":false},"author":1,"featured_media":0,"parent":185,"menu_order":6,"comment_status":"closed","ping_status":"closed","template":"","meta":{"footnotes":""},"_links":{"self":[{"href":"https:\/\/alinatinnefeld.de\/index.php?rest_route=\/wp\/v2\/pages\/211"}],"collection":[{"href":"https:\/\/alinatinnefeld.de\/index.php?rest_route=\/wp\/v2\/pages"}],"about":[{"href":"https:\/\/alinatinnefeld.de\/index.php?rest_route=\/wp\/v2\/types\/page"}],"author":[{"embeddable":true,"href":"https:\/\/alinatinnefeld.de\/index.php?rest_route=\/wp\/v2\/users\/1"}],"replies":[{"embeddable":true,"href":"https:\/\/alinatinnefeld.de\/index.php?rest_route=%2Fwp%2Fv2%2Fcomments&post=211"}],"version-history":[{"count":1,"href":"https:\/\/alinatinnefeld.de\/index.php?rest_route=\/wp\/v2\/pages\/211\/revisions"}],"predecessor-version":[{"id":213,"href":"https:\/\/alinatinnefeld.de\/index.php?rest_route=\/wp\/v2\/pages\/211\/revisions\/213"}],"up":[{"embeddable":true,"href":"https:\/\/alinatinnefeld.de\/index.php?rest_route=\/wp\/v2\/pages\/185"}],"wp:attachment":[{"href":"https:\/\/alinatinnefeld.de\/index.php?rest_route=%2Fwp%2Fv2%2Fmedia&parent=211"}],"curies":[{"name":"wp","href":"https:\/\/api.w.org\/{rel}","templated":true}]}}