{"id":31,"date":"2022-03-30T18:16:04","date_gmt":"2022-03-30T16:16:04","guid":{"rendered":"https:\/\/alinatinnefeld.de\/?page_id=31"},"modified":"2026-02-03T19:01:56","modified_gmt":"2026-02-03T18:01:56","slug":"theater-ubu","status":"publish","type":"page","link":"https:\/\/alinatinnefeld.de\/?page_id=31","title":{"rendered":"Theater UBU"},"content":{"rendered":"\n<p>Die &#8222;Community Theatergruppe UBU&#8220; , unter meiner k\u00fcnstlerischen Leitung, hat sich zum Ziel gesetzt interessante, anspruchsvolle und Zeitrelevante Inszenierungen zu kreieren. Die Theatergruppe UBU wurde 2014 von Yuri B Anderson und mir gegr\u00fcndet und ist ein stetig weiter anwachsender Pool von Laien und semiprofessionellen Schauspieler:innen mit unterschiedlicher Herk\u00fcnften, Sprachen und Lebensaltern. In die Schauspielerische Arbeit flie\u00dfen  Bewegungstheater, experimentelle Stimmarbeit, Charakterarbeit &amp; Rollenentwicklung ein.  Die Projekte sind sehr abwechslungsreich: von Site specific Stra\u00dfentheaterproduktion in Kooperation mit weiteren K\u00fcnstler:innen und Gruppen an besonderen Orten, bis zu intimen Erz\u00e4hlabenden, Indoor-Inszenierungen und installativen Performances. Gearbeitet wird Projekt weise, jedes Projekt ist offen f\u00fcr neue Mitwirkende.<\/p>\n\n\n\n<p>Kontakt: Info@theaterubu.de <\/p>\n\n\n\n<figure class=\"wp-block-image size-large wp-duotone-default-filter\"><img loading=\"lazy\" decoding=\"async\" width=\"1024\" height=\"684\" src=\"https:\/\/alinatinnefeld.de\/wp-content\/uploads\/2026\/02\/DEltaV-1024x684.jpg\" alt=\"\" class=\"wp-image-280\" srcset=\"https:\/\/alinatinnefeld.de\/wp-content\/uploads\/2026\/02\/DEltaV-1024x684.jpg 1024w, https:\/\/alinatinnefeld.de\/wp-content\/uploads\/2026\/02\/DEltaV-300x200.jpg 300w, https:\/\/alinatinnefeld.de\/wp-content\/uploads\/2026\/02\/DEltaV-768x513.jpg 768w, https:\/\/alinatinnefeld.de\/wp-content\/uploads\/2026\/02\/DEltaV-1536x1025.jpg 1536w, https:\/\/alinatinnefeld.de\/wp-content\/uploads\/2026\/02\/DEltaV-2048x1367.jpg 2048w\" sizes=\"(max-width: 1024px) 100vw, 1024px\" \/><\/figure>\n\n\n\n<p><\/p>\n\n\n\n<p><\/p>\n\n\n\n<figure class=\"wp-block-image size-large wp-duotone-purple-green\"><img loading=\"lazy\" decoding=\"async\" width=\"1024\" height=\"724\" src=\"http:\/\/alinatinnefeld.de\/wp-content\/uploads\/2022\/04\/ubu-logo-foto-1024x724.jpg\" alt=\"\" class=\"wp-image-76\" srcset=\"https:\/\/alinatinnefeld.de\/wp-content\/uploads\/2022\/04\/ubu-logo-foto-1024x724.jpg 1024w, https:\/\/alinatinnefeld.de\/wp-content\/uploads\/2022\/04\/ubu-logo-foto-300x212.jpg 300w, https:\/\/alinatinnefeld.de\/wp-content\/uploads\/2022\/04\/ubu-logo-foto-768x543.jpg 768w, https:\/\/alinatinnefeld.de\/wp-content\/uploads\/2022\/04\/ubu-logo-foto-1536x1086.jpg 1536w, https:\/\/alinatinnefeld.de\/wp-content\/uploads\/2022\/04\/ubu-logo-foto-2048x1448.jpg 2048w\" sizes=\"(max-width: 1024px) 100vw, 1024px\" \/><figcaption class=\"wp-element-caption\"><a href=\"http:\/\/www.theaterubu.de\">http:\/\/www.theaterubu.de<\/a><\/figcaption><\/figure>\n","protected":false},"excerpt":{"rendered":"<p>Die &#8222;Community Theatergruppe UBU&#8220; , unter meiner k\u00fcnstlerischen Leitung, hat sich zum Ziel gesetzt interessante, anspruchsvolle und Zeitrelevante Inszenierungen zu kreieren. Die Theatergruppe UBU wurde 2014 von Yuri B Anderson und mir gegr\u00fcndet und ist ein stetig weiter anwachsender Pool von Laien und semiprofessionellen Schauspieler:innen mit unterschiedlicher Herk\u00fcnften, Sprachen und Lebensaltern. In die Schauspielerische Arbeit [&hellip;]<\/p>\n","protected":false},"author":1,"featured_media":0,"parent":185,"menu_order":1,"comment_status":"closed","ping_status":"closed","template":"","meta":{"footnotes":""},"_links":{"self":[{"href":"https:\/\/alinatinnefeld.de\/index.php?rest_route=\/wp\/v2\/pages\/31"}],"collection":[{"href":"https:\/\/alinatinnefeld.de\/index.php?rest_route=\/wp\/v2\/pages"}],"about":[{"href":"https:\/\/alinatinnefeld.de\/index.php?rest_route=\/wp\/v2\/types\/page"}],"author":[{"embeddable":true,"href":"https:\/\/alinatinnefeld.de\/index.php?rest_route=\/wp\/v2\/users\/1"}],"replies":[{"embeddable":true,"href":"https:\/\/alinatinnefeld.de\/index.php?rest_route=%2Fwp%2Fv2%2Fcomments&post=31"}],"version-history":[{"count":12,"href":"https:\/\/alinatinnefeld.de\/index.php?rest_route=\/wp\/v2\/pages\/31\/revisions"}],"predecessor-version":[{"id":284,"href":"https:\/\/alinatinnefeld.de\/index.php?rest_route=\/wp\/v2\/pages\/31\/revisions\/284"}],"up":[{"embeddable":true,"href":"https:\/\/alinatinnefeld.de\/index.php?rest_route=\/wp\/v2\/pages\/185"}],"wp:attachment":[{"href":"https:\/\/alinatinnefeld.de\/index.php?rest_route=%2Fwp%2Fv2%2Fmedia&parent=31"}],"curies":[{"name":"wp","href":"https:\/\/api.w.org\/{rel}","templated":true}]}}